{"id":90,"date":"2018-02-15T14:59:49","date_gmt":"2018-02-15T14:59:49","guid":{"rendered":"http:\/\/ms-exports.com\/?product=import-placeholder-for-206"},"modified":"2018-03-01T19:18:22","modified_gmt":"2018-03-01T19:18:22","slug":"chewybone-with-panse","status":"publish","type":"product","link":"http:\/\/ms-exports.com\/?product=chewybone-with-panse","title":{"rendered":"Chewy bone with panse"},"content":{"rendered":"","protected":false},"excerpt":{"rendered":"<p><a href=\"http:\/\/ms-exports.com\/?page_id=210\">Dog Chew &amp; Food<\/a> \/ DC003<\/p>\n<p>Kauknochen mit\u00a0Pansenf\u00fcllung<br \/>\nVerf\u00fcgbar in verschiedenen Gr\u00f6\u00dfen<\/p>\n","protected":false},"featured_media":102,"template":"","meta":[],"class_list":{"0":"post-90","1":"product","2":"type-product","3":"status-publish","4":"has-post-thumbnail","6":"product_cat-dog-articles","8":"first","9":"instock","10":"shipping-taxable","11":"product-type-simple"},"wppr_data":{"cwp_meta_box_check":"No"},"_links":{"self":[{"href":"http:\/\/ms-exports.com\/index.php?rest_route=\/wp\/v2\/product\/90","targetHints":{"allow":["GET"]}}],"collection":[{"href":"http:\/\/ms-exports.com\/index.php?rest_route=\/wp\/v2\/product"}],"about":[{"href":"http:\/\/ms-exports.com\/index.php?rest_route=\/wp\/v2\/types\/product"}],"wp:featuredmedia":[{"embeddable":true,"href":"http:\/\/ms-exports.com\/index.php?rest_route=\/wp\/v2\/media\/102"}],"wp:attachment":[{"href":"http:\/\/ms-exports.com\/index.php?rest_route=%2Fwp%2Fv2%2Fmedia&parent=90"}],"curies":[{"name":"wp","href":"https:\/\/api.w.org\/{rel}","templated":true}]}}